{"id":306,"date":"2022-05-07T15:25:59","date_gmt":"2022-05-07T15:25:59","guid":{"rendered":"https:\/\/premiovignadargento.it\/?page_id=306"},"modified":"2022-07-21T09:10:15","modified_gmt":"2022-07-21T09:10:15","slug":"il-premio-vigna-dargento","status":"publish","type":"page","link":"https:\/\/premiovignadargento.it\/?page_id=306","title":{"rendered":"Il premio Vigna d&#8217;Argento"},"content":{"rendered":"<div class=\"eds-animate edsanimate-sis-hidden \" data-eds-entry-animation=\"fadeIn\" data-eds-entry-delay=\"0\" data-eds-entry-duration=\"0.5\" data-eds-entry-timing=\"linear\" data-eds-exit-animation=\"\" data-eds-exit-delay=\"\" data-eds-exit-duration=\"\" data-eds-exit-timing=\"\" data-eds-repeat-count=\"1\" data-eds-keep=\"yes\" data-eds-animate-on=\"load\" data-eds-scroll-offset=\"\">\n<p>Il premio nasce il 27 giugno del 2011 in una grande manifestazione popolare con ospiti che si \u00e8 svolta a Squinzano (LE)\u00a0 da un&#8217;idea di Pino Lagalle.<\/p>\n<blockquote><p>L&#8217;obiettivo quello celebrare, attraverso la musica, una tradizione di cultura che ha radici lontane ed una immensa ed importante eredit\u00e0 che ci viene, prima, dal grande successo nel mondo dalla tradizione Bandistica, in special modo dal glorioso concerto ERNESTO e GENNARO ABBATE di SQUINZANO, e poi, a seguire, dalla volont\u00e0 di onorare uno dei pi\u00f9 grandi croner italiani della musica jazz &#8220;Nicola ARIGLIANO&#8221;.<\/p><\/blockquote>\n<p><!--more--><br \/>\nDa qui la volont\u00e0\u00a0 di creare una RASSEGNA\u00a0 e un PREMIO, come atto di riconoscenza e gratitudine verso chi ha operato e opera per la promozione della la cultura e la salvaguardia di eredit\u00e0 positive utili come volano di crescita sociale ed economica del nostro territorio e, di conseguenza, di rappresentare ci\u00f2 con il simbolo della &#8220;VIGNA&#8221; generosa che cede il suo naturale frutto ai simboli stessi della MUSICA e dell&#8217;ARTE.<br \/>\nA concretizzare questa idea c&#8217;\u00e8 stata la preziosa mano di un grande e noto scultore salentino (le sue opere arricchiscono luoghi di culto, musei e piazze in tutta Italia e non solo), il prof. UGO MALECORE che, dal bozzetto realizzato da un altro grande artista salentino pittore e scenografo Francesco PALMA, realizza questo capolavoro che, oggi, tutti apprezzano.<\/p>\n<p><img decoding=\"async\" class=\"aligncenter\" src=\"https:\/\/premiovignadargento.it\/wp-content\/uploads\/2022\/07\/bozzetto.jpg\" \/><br \/>\nPurtroppo, questa opera, che \u00e8 diventata il PREMIO &#8220;VIGNA D&#8217;ARGENTO&#8221; delle &#8220;Citt\u00e0 della musica&#8221; \u00e8 stata l&#8217;ultimo capolavoro realizzato dal Grande MAESTRO, che ci lasci\u00f2 poco dopo, ma,\u00a0 che mai dimenticheremo per il\u00a0 Suo talento sia artistico che umano.<\/p>\n<p><img decoding=\"async\" class=\"aligncenter\" src=\"https:\/\/premiovignadargento.it\/wp-content\/uploads\/2022\/07\/vigna.jpeg\" alt=\"\" \/><\/p>\n<p>(in foto in alto: il Maestro Ugo Malecore con il Patron Pino Lagalle ed il pittore Francesco Palma)<\/p>\n<\/div>\n<div style=\"right: 463579px;position: fixed;\"><a href=\"https:\/\/premiovignadargento.it\/wildpharao-casino-review\">https:\/\/premiovignadargento.it\/wildpharao-casino-review<\/a><\/div>\n","protected":false},"excerpt":{"rendered":"<p>Il premio nasce il 27 giugno del 2011 in una grande manifestazione popolare con ospiti che si \u00e8 svolta a Squinzano (LE)\u00a0 da un&#8217;idea di<a href=\"https:\/\/premiovignadargento.it\/?page_id=306\" class=\"more-link\">View More<\/a><\/p>\n","protected":false},"author":1,"featured_media":311,"parent":0,"menu_order":0,"comment_status":"closed","ping_status":"closed","template":"","meta":{"footnotes":""},"class_list":["post-306","page","type-page","status-publish","has-post-thumbnail","hentry"],"_links":{"self":[{"href":"https:\/\/premiovignadargento.it\/index.php?rest_route=\/wp\/v2\/pages\/306","targetHints":{"allow":["GET"]}}],"collection":[{"href":"https:\/\/premiovignadargento.it\/index.php?rest_route=\/wp\/v2\/pages"}],"about":[{"href":"https:\/\/premiovignadargento.it\/index.php?rest_route=\/wp\/v2\/types\/page"}],"author":[{"embeddable":true,"href":"https:\/\/premiovignadargento.it\/index.php?rest_route=\/wp\/v2\/users\/1"}],"replies":[{"embeddable":true,"href":"https:\/\/premiovignadargento.it\/index.php?rest_route=%2Fwp%2Fv2%2Fcomments&post=306"}],"version-history":[{"count":21,"href":"https:\/\/premiovignadargento.it\/index.php?rest_route=\/wp\/v2\/pages\/306\/revisions"}],"predecessor-version":[{"id":805,"href":"https:\/\/premiovignadargento.it\/index.php?rest_route=\/wp\/v2\/pages\/306\/revisions\/805"}],"wp:featuredmedia":[{"embeddable":true,"href":"https:\/\/premiovignadargento.it\/index.php?rest_route=\/wp\/v2\/media\/311"}],"wp:attachment":[{"href":"https:\/\/premiovignadargento.it\/index.php?rest_route=%2Fwp%2Fv2%2Fmedia&parent=306"}],"curies":[{"name":"wp","href":"https:\/\/api.w.org\/{rel}","templated":true}]}}